{"id":18667,"date":"2025-05-03T08:39:31","date_gmt":"2025-05-03T08:39:31","guid":{"rendered":"https:\/\/www.carthagoceramic.com\/?post_type=product&#038;p=18667"},"modified":"2025-05-03T08:43:13","modified_gmt":"2025-05-03T08:43:13","slug":"lamego-60x60-brillant","status":"publish","type":"product","link":"https:\/\/www.carthagoceramic.com\/fr\/produit\/lamego-60x60-brillant\/","title":{"rendered":"Lamego 60X60 Brillant"},"content":{"rendered":"","protected":false},"excerpt":{"rendered":"<p>Le charme authentique de la pierre naturelle rena\u00eet en gr\u00e8s c\u00e9rame. Ce rev\u00eatement de sol et mural r\u00e9v\u00e8le une texture noble, presque vivante, qui transforme l\u2019espace en une \u0153uvre douce et intemporelle.<\/p>\n","protected":false},"featured_media":18549,"template":"","meta":{"_et_pb_use_builder":"","_et_pb_old_content":"","_et_gb_content_width":""},"product_cat":[28],"product_tag":[],"_links":{"self":[{"href":"https:\/\/www.carthagoceramic.com\/fr\/wp-json\/wp\/v2\/product\/18667"}],"collection":[{"href":"https:\/\/www.carthagoceramic.com\/fr\/wp-json\/wp\/v2\/product"}],"about":[{"href":"https:\/\/www.carthagoceramic.com\/fr\/wp-json\/wp\/v2\/types\/product"}],"wp:featuredmedia":[{"embeddable":true,"href":"https:\/\/www.carthagoceramic.com\/fr\/wp-json\/wp\/v2\/media\/18549"}],"wp:attachment":[{"href":"https:\/\/www.carthagoceramic.com\/fr\/wp-json\/wp\/v2\/media?parent=18667"}],"wp:term":[{"taxonomy":"product_cat","embeddable":true,"href":"https:\/\/www.carthagoceramic.com\/fr\/wp-json\/wp\/v2\/product_cat?post=18667"},{"taxonomy":"product_tag","embeddable":true,"href":"https:\/\/www.carthagoceramic.com\/fr\/wp-json\/wp\/v2\/product_tag?post=18667"}],"curies":[{"name":"wp","href":"https:\/\/api.w.org\/{rel}","templated":true}]}}