{"id":18675,"date":"2025-05-03T08:43:20","date_gmt":"2025-05-03T08:43:20","guid":{"rendered":"https:\/\/www.carthagoceramic.com\/?post_type=product&#038;p=18675"},"modified":"2025-05-03T08:49:48","modified_gmt":"2025-05-03T08:49:48","slug":"maringo-60x60-brillant","status":"publish","type":"product","link":"https:\/\/www.carthagoceramic.com\/fr\/produit\/maringo-60x60-brillant\/","title":{"rendered":"Maringo 60X60 Brillant"},"content":{"rendered":"","protected":false},"excerpt":{"rendered":"<p>Un rev\u00eatement de sol sous vos pas, une \u00e9l\u00e9gance min\u00e9rale s\u2019\u00e9panouit. Ce gr\u00e8s c\u00e9rame fa\u00e7on pierre embrasse vos sols et murs avec une force tranquille. Un rev\u00eatement harmonieux, pens\u00e9 pour durer et embellir les instants du quotidien.<\/p>\n","protected":false},"featured_media":18683,"template":"","meta":{"_acf_changed":false,"_et_pb_use_builder":"","_et_pb_old_content":"","_et_gb_content_width":""},"product_cat":[28],"product_tag":[],"acf":[],"_links":{"self":[{"href":"https:\/\/www.carthagoceramic.com\/fr\/wp-json\/wp\/v2\/product\/18675"}],"collection":[{"href":"https:\/\/www.carthagoceramic.com\/fr\/wp-json\/wp\/v2\/product"}],"about":[{"href":"https:\/\/www.carthagoceramic.com\/fr\/wp-json\/wp\/v2\/types\/product"}],"wp:featuredmedia":[{"embeddable":true,"href":"https:\/\/www.carthagoceramic.com\/fr\/wp-json\/wp\/v2\/media\/18683"}],"wp:attachment":[{"href":"https:\/\/www.carthagoceramic.com\/fr\/wp-json\/wp\/v2\/media?parent=18675"}],"wp:term":[{"taxonomy":"product_cat","embeddable":true,"href":"https:\/\/www.carthagoceramic.com\/fr\/wp-json\/wp\/v2\/product_cat?post=18675"},{"taxonomy":"product_tag","embeddable":true,"href":"https:\/\/www.carthagoceramic.com\/fr\/wp-json\/wp\/v2\/product_tag?post=18675"}],"curies":[{"name":"wp","href":"https:\/\/api.w.org\/{rel}","templated":true}]}}