{"id":18730,"date":"2025-05-06T17:55:43","date_gmt":"2025-05-06T17:55:43","guid":{"rendered":"https:\/\/www.carthagoceramic.com\/?post_type=product&#038;p=18730"},"modified":"2025-05-07T16:12:32","modified_gmt":"2025-05-07T16:12:32","slug":"cesar-30x60-brillant","status":"publish","type":"product","link":"https:\/\/www.carthagoceramic.com\/fr\/produit\/cesar-30x60-brillant\/","title":{"rendered":"Cesar 30X60 Brillant"},"content":{"rendered":"","protected":false},"excerpt":{"rendered":"<p>Optez pour le gr\u00e8s c\u00e9rame en formats 30&#215;60, id\u00e9al en sol ou mural. R\u00e9sistant, esth\u00e9tique et facile \u00e0 entretenir, il s&rsquo;adapte \u00e0 tous les styles d&rsquo;int\u00e9rieur pour une finition \u00e9l\u00e9gante et contemporaine.<\/p>\n","protected":false},"featured_media":18749,"template":"","meta":{"_acf_changed":false,"_et_pb_use_builder":"","_et_pb_old_content":"","_et_gb_content_width":""},"product_cat":[28],"product_tag":[],"acf":[],"_links":{"self":[{"href":"https:\/\/www.carthagoceramic.com\/fr\/wp-json\/wp\/v2\/product\/18730"}],"collection":[{"href":"https:\/\/www.carthagoceramic.com\/fr\/wp-json\/wp\/v2\/product"}],"about":[{"href":"https:\/\/www.carthagoceramic.com\/fr\/wp-json\/wp\/v2\/types\/product"}],"wp:featuredmedia":[{"embeddable":true,"href":"https:\/\/www.carthagoceramic.com\/fr\/wp-json\/wp\/v2\/media\/18749"}],"wp:attachment":[{"href":"https:\/\/www.carthagoceramic.com\/fr\/wp-json\/wp\/v2\/media?parent=18730"}],"wp:term":[{"taxonomy":"product_cat","embeddable":true,"href":"https:\/\/www.carthagoceramic.com\/fr\/wp-json\/wp\/v2\/product_cat?post=18730"},{"taxonomy":"product_tag","embeddable":true,"href":"https:\/\/www.carthagoceramic.com\/fr\/wp-json\/wp\/v2\/product_tag?post=18730"}],"curies":[{"name":"wp","href":"https:\/\/api.w.org\/{rel}","templated":true}]}}