{"id":18842,"date":"2025-05-07T16:56:51","date_gmt":"2025-05-07T16:56:51","guid":{"rendered":"https:\/\/www.carthagoceramic.com\/?post_type=product&#038;p=18842"},"modified":"2025-05-07T16:57:43","modified_gmt":"2025-05-07T16:57:43","slug":"mimosa-30x60-brillant","status":"publish","type":"product","link":"https:\/\/www.carthagoceramic.com\/fr\/produit\/mimosa-30x60-brillant\/","title":{"rendered":"Mimosa 30X60 Brillant"},"content":{"rendered":"","protected":false},"excerpt":{"rendered":"<p>Optez pour le gr\u00e8s c\u00e9rame en formats 30&#215;60, id\u00e9al en sol ou mural. R\u00e9sistant, esth\u00e9tique et facile \u00e0 entretenir, il s&rsquo;adapte \u00e0 tous les styles d&rsquo;int\u00e9rieur pour une finition \u00e9l\u00e9gante et contemporaine.<\/p>\n","protected":false},"featured_media":18844,"template":"","meta":{"_acf_changed":false,"_et_pb_use_builder":"","_et_pb_old_content":"","_et_gb_content_width":""},"product_cat":[28],"product_tag":[],"acf":[],"_links":{"self":[{"href":"https:\/\/www.carthagoceramic.com\/fr\/wp-json\/wp\/v2\/product\/18842"}],"collection":[{"href":"https:\/\/www.carthagoceramic.com\/fr\/wp-json\/wp\/v2\/product"}],"about":[{"href":"https:\/\/www.carthagoceramic.com\/fr\/wp-json\/wp\/v2\/types\/product"}],"wp:featuredmedia":[{"embeddable":true,"href":"https:\/\/www.carthagoceramic.com\/fr\/wp-json\/wp\/v2\/media\/18844"}],"wp:attachment":[{"href":"https:\/\/www.carthagoceramic.com\/fr\/wp-json\/wp\/v2\/media?parent=18842"}],"wp:term":[{"taxonomy":"product_cat","embeddable":true,"href":"https:\/\/www.carthagoceramic.com\/fr\/wp-json\/wp\/v2\/product_cat?post=18842"},{"taxonomy":"product_tag","embeddable":true,"href":"https:\/\/www.carthagoceramic.com\/fr\/wp-json\/wp\/v2\/product_tag?post=18842"}],"curies":[{"name":"wp","href":"https:\/\/api.w.org\/{rel}","templated":true}]}}