{"id":18876,"date":"2025-05-07T18:53:34","date_gmt":"2025-05-07T18:53:34","guid":{"rendered":"https:\/\/www.carthagoceramic.com\/?post_type=product&#038;p=18876"},"modified":"2025-05-09T18:04:12","modified_gmt":"2025-05-09T18:04:12","slug":"charme-45x90-mat","status":"publish","type":"product","link":"https:\/\/www.carthagoceramic.com\/fr\/produit\/charme-45x90-mat\/","title":{"rendered":"Charme 45&#215;90 Mat"},"content":{"rendered":"","protected":false},"excerpt":{"rendered":"<p>Le gr\u00e8s c\u00e9rame en 45&#215;90 cm est un rev\u00eatement \u00e9l\u00e9gant et robuste pour murs et sols. Id\u00e9al pour les zones \u00e0 fort passage ou les pi\u00e8ces humides.<\/p>\n","protected":false},"featured_media":18874,"template":"","meta":{"_et_pb_use_builder":"","_et_pb_old_content":"","_et_gb_content_width":""},"product_cat":[28],"product_tag":[],"_links":{"self":[{"href":"https:\/\/www.carthagoceramic.com\/fr\/wp-json\/wp\/v2\/product\/18876"}],"collection":[{"href":"https:\/\/www.carthagoceramic.com\/fr\/wp-json\/wp\/v2\/product"}],"about":[{"href":"https:\/\/www.carthagoceramic.com\/fr\/wp-json\/wp\/v2\/types\/product"}],"wp:featuredmedia":[{"embeddable":true,"href":"https:\/\/www.carthagoceramic.com\/fr\/wp-json\/wp\/v2\/media\/18874"}],"wp:attachment":[{"href":"https:\/\/www.carthagoceramic.com\/fr\/wp-json\/wp\/v2\/media?parent=18876"}],"wp:term":[{"taxonomy":"product_cat","embeddable":true,"href":"https:\/\/www.carthagoceramic.com\/fr\/wp-json\/wp\/v2\/product_cat?post=18876"},{"taxonomy":"product_tag","embeddable":true,"href":"https:\/\/www.carthagoceramic.com\/fr\/wp-json\/wp\/v2\/product_tag?post=18876"}],"curies":[{"name":"wp","href":"https:\/\/api.w.org\/{rel}","templated":true}]}}