{"id":18879,"date":"2025-05-09T17:14:26","date_gmt":"2025-05-09T17:14:26","guid":{"rendered":"https:\/\/www.carthagoceramic.com\/?post_type=product&#038;p=18879"},"modified":"2025-05-09T17:19:51","modified_gmt":"2025-05-09T17:19:51","slug":"arkon-45x90-mat","status":"publish","type":"product","link":"https:\/\/www.carthagoceramic.com\/fr\/produit\/arkon-45x90-mat\/","title":{"rendered":"Arkon 45&#215;90 Mat"},"content":{"rendered":"","protected":false},"excerpt":{"rendered":"<p>Ce gr\u00e8s c\u00e9rame 45&#215;90 habille vos murs et sols avec \u00e9l\u00e9gance. Parfait pour les int\u00e9rieurs modernes, il allie durabilit\u00e9, facilit\u00e9 d\u2019entretien et design raffin\u00e9.<\/p>\n","protected":false},"featured_media":18881,"template":"","meta":{"_acf_changed":false,"_et_pb_use_builder":"","_et_pb_old_content":"","_et_gb_content_width":""},"product_cat":[28],"product_tag":[],"acf":[],"_links":{"self":[{"href":"https:\/\/www.carthagoceramic.com\/fr\/wp-json\/wp\/v2\/product\/18879"}],"collection":[{"href":"https:\/\/www.carthagoceramic.com\/fr\/wp-json\/wp\/v2\/product"}],"about":[{"href":"https:\/\/www.carthagoceramic.com\/fr\/wp-json\/wp\/v2\/types\/product"}],"wp:featuredmedia":[{"embeddable":true,"href":"https:\/\/www.carthagoceramic.com\/fr\/wp-json\/wp\/v2\/media\/18881"}],"wp:attachment":[{"href":"https:\/\/www.carthagoceramic.com\/fr\/wp-json\/wp\/v2\/media?parent=18879"}],"wp:term":[{"taxonomy":"product_cat","embeddable":true,"href":"https:\/\/www.carthagoceramic.com\/fr\/wp-json\/wp\/v2\/product_cat?post=18879"},{"taxonomy":"product_tag","embeddable":true,"href":"https:\/\/www.carthagoceramic.com\/fr\/wp-json\/wp\/v2\/product_tag?post=18879"}],"curies":[{"name":"wp","href":"https:\/\/api.w.org\/{rel}","templated":true}]}}