{"id":18883,"date":"2025-05-09T17:22:30","date_gmt":"2025-05-09T17:22:30","guid":{"rendered":"https:\/\/www.carthagoceramic.com\/?post_type=product&#038;p=18883"},"modified":"2025-05-09T17:25:27","modified_gmt":"2025-05-09T17:25:27","slug":"dior-45x90-mat","status":"publish","type":"product","link":"https:\/\/www.carthagoceramic.com\/fr\/produit\/dior-45x90-mat\/","title":{"rendered":"Dior 45&#215;90 Mat"},"content":{"rendered":"","protected":false},"excerpt":{"rendered":"<p>Ce gr\u00e8s c\u00e9rame 45&#215;90 habille vos murs et sols avec \u00e9l\u00e9gance. Parfait pour les int\u00e9rieurs modernes, il allie durabilit\u00e9, facilit\u00e9 d\u2019entretien et design raffin\u00e9.<\/p>\n","protected":false},"featured_media":18885,"template":"","meta":{"_acf_changed":false,"_et_pb_use_builder":"","_et_pb_old_content":"","_et_gb_content_width":""},"product_cat":[28],"product_tag":[],"acf":[],"_links":{"self":[{"href":"https:\/\/www.carthagoceramic.com\/fr\/wp-json\/wp\/v2\/product\/18883"}],"collection":[{"href":"https:\/\/www.carthagoceramic.com\/fr\/wp-json\/wp\/v2\/product"}],"about":[{"href":"https:\/\/www.carthagoceramic.com\/fr\/wp-json\/wp\/v2\/types\/product"}],"wp:featuredmedia":[{"embeddable":true,"href":"https:\/\/www.carthagoceramic.com\/fr\/wp-json\/wp\/v2\/media\/18885"}],"wp:attachment":[{"href":"https:\/\/www.carthagoceramic.com\/fr\/wp-json\/wp\/v2\/media?parent=18883"}],"wp:term":[{"taxonomy":"product_cat","embeddable":true,"href":"https:\/\/www.carthagoceramic.com\/fr\/wp-json\/wp\/v2\/product_cat?post=18883"},{"taxonomy":"product_tag","embeddable":true,"href":"https:\/\/www.carthagoceramic.com\/fr\/wp-json\/wp\/v2\/product_tag?post=18883"}],"curies":[{"name":"wp","href":"https:\/\/api.w.org\/{rel}","templated":true}]}}