{"id":19588,"date":"2025-06-13T11:02:52","date_gmt":"2025-06-13T11:02:52","guid":{"rendered":"https:\/\/www.carthagoceramic.com\/?post_type=product&#038;p=19588"},"modified":"2025-06-25T14:58:11","modified_gmt":"2025-06-25T14:58:11","slug":"lux-45x90-brillant","status":"publish","type":"product","link":"https:\/\/www.carthagoceramic.com\/fr\/produit\/lux-45x90-brillant\/","title":{"rendered":"Lux 45&#215;90 Brillant"},"content":{"rendered":"","protected":false},"excerpt":{"rendered":"<p>C\u2019est un carrelage en gr\u00e8s c\u00e9rame au format 45\u00d790\u202fcm con\u00e7u pour le rev\u00eatement mural. Robuste et \u00e9l\u00e9gant, il r\u00e9siste \u00e0 l\u2019humidit\u00e9 et aux chocs. Sa finition lisse facilite l\u2019entretien. Id\u00e9al pour cuisines, salles de bains, salons ou fa\u00e7ades, il apporte une touche contemporaine et raffin\u00e9e tout en assurant long\u00e9vit\u00e9 et facilit\u00e9 d\u2019usage<\/p>\n","protected":false},"featured_media":19590,"template":"","meta":{"_acf_changed":false,"_et_pb_use_builder":"","_et_pb_old_content":"","_et_gb_content_width":""},"product_cat":[28],"product_tag":[],"acf":[],"_links":{"self":[{"href":"https:\/\/www.carthagoceramic.com\/fr\/wp-json\/wp\/v2\/product\/19588"}],"collection":[{"href":"https:\/\/www.carthagoceramic.com\/fr\/wp-json\/wp\/v2\/product"}],"about":[{"href":"https:\/\/www.carthagoceramic.com\/fr\/wp-json\/wp\/v2\/types\/product"}],"wp:featuredmedia":[{"embeddable":true,"href":"https:\/\/www.carthagoceramic.com\/fr\/wp-json\/wp\/v2\/media\/19590"}],"wp:attachment":[{"href":"https:\/\/www.carthagoceramic.com\/fr\/wp-json\/wp\/v2\/media?parent=19588"}],"wp:term":[{"taxonomy":"product_cat","embeddable":true,"href":"https:\/\/www.carthagoceramic.com\/fr\/wp-json\/wp\/v2\/product_cat?post=19588"},{"taxonomy":"product_tag","embeddable":true,"href":"https:\/\/www.carthagoceramic.com\/fr\/wp-json\/wp\/v2\/product_tag?post=19588"}],"curies":[{"name":"wp","href":"https:\/\/api.w.org\/{rel}","templated":true}]}}