{"id":19842,"date":"2025-08-02T11:23:46","date_gmt":"2025-08-02T11:23:46","guid":{"rendered":"https:\/\/www.carthagoceramic.com\/?post_type=product&#038;p=19842"},"modified":"2025-08-02T11:26:30","modified_gmt":"2025-08-02T11:26:30","slug":"evano-30x60-pavement","status":"publish","type":"product","link":"https:\/\/www.carthagoceramic.com\/fr\/produit\/evano-30x60-pavement\/","title":{"rendered":"Evano 30&#215;60 Mat"},"content":{"rendered":"","protected":false},"excerpt":{"rendered":"<p>Pavement durable et \u00e9l\u00e9gant; Les pavements Tanit ceramic sont un choix durable et \u00e9l\u00e9gant pour votre int\u00e9rieur. Fabriqu\u00e9s avec des mat\u00e9riaux nobles, ils sont r\u00e9sistants aux chocs, aux rayures et aux taches. Ils sont \u00e9galement faciles \u00e0 nettoyer et \u00e0 entretenir.<\/p>\n","protected":false},"featured_media":19845,"template":"","meta":{"_et_pb_use_builder":"","_et_pb_old_content":"","_et_gb_content_width":""},"product_cat":[81],"product_tag":[],"_links":{"self":[{"href":"https:\/\/www.carthagoceramic.com\/fr\/wp-json\/wp\/v2\/product\/19842"}],"collection":[{"href":"https:\/\/www.carthagoceramic.com\/fr\/wp-json\/wp\/v2\/product"}],"about":[{"href":"https:\/\/www.carthagoceramic.com\/fr\/wp-json\/wp\/v2\/types\/product"}],"wp:featuredmedia":[{"embeddable":true,"href":"https:\/\/www.carthagoceramic.com\/fr\/wp-json\/wp\/v2\/media\/19845"}],"wp:attachment":[{"href":"https:\/\/www.carthagoceramic.com\/fr\/wp-json\/wp\/v2\/media?parent=19842"}],"wp:term":[{"taxonomy":"product_cat","embeddable":true,"href":"https:\/\/www.carthagoceramic.com\/fr\/wp-json\/wp\/v2\/product_cat?post=19842"},{"taxonomy":"product_tag","embeddable":true,"href":"https:\/\/www.carthagoceramic.com\/fr\/wp-json\/wp\/v2\/product_tag?post=19842"}],"curies":[{"name":"wp","href":"https:\/\/api.w.org\/{rel}","templated":true}]}}