{"id":3432,"date":"2021-12-09T08:27:47","date_gmt":"2021-12-09T08:27:47","guid":{"rendered":"https:\/\/www.carthagoceramic.com\/product\/chene-30x60\/"},"modified":"2023-02-18T07:59:56","modified_gmt":"2023-02-18T07:59:56","slug":"chene-30x60","status":"publish","type":"product","link":"https:\/\/www.carthagoceramic.com\/fr\/produit\/chene-30x60\/","title":{"rendered":"Ch\u00e9ne 30X60 Mat"},"content":{"rendered":"","protected":false},"excerpt":{"rendered":"<p>Les carreaux \u00e0 effet bois, se fondent dans tous vos espaces \u00e0 l\u2019int\u00e9rieur comme \u00e0 l\u2019ext\u00e9rieur et sur toutes vos surfaces de murs et de sols, offrant une reproduction fid\u00e8le au bois. Trait\u00e9 techniquement, le Gr\u00e8s c\u00e9rame de Carthago ceramic assure une r\u00e9sistance aux effets externes et aux agressions chimiques.<\/p>\n","protected":false},"featured_media":2127,"template":"","meta":{"_et_pb_use_builder":"","_et_pb_old_content":"","_et_gb_content_width":""},"product_cat":[28],"product_tag":[],"_links":{"self":[{"href":"https:\/\/www.carthagoceramic.com\/fr\/wp-json\/wp\/v2\/product\/3432"}],"collection":[{"href":"https:\/\/www.carthagoceramic.com\/fr\/wp-json\/wp\/v2\/product"}],"about":[{"href":"https:\/\/www.carthagoceramic.com\/fr\/wp-json\/wp\/v2\/types\/product"}],"wp:featuredmedia":[{"embeddable":true,"href":"https:\/\/www.carthagoceramic.com\/fr\/wp-json\/wp\/v2\/media\/2127"}],"wp:attachment":[{"href":"https:\/\/www.carthagoceramic.com\/fr\/wp-json\/wp\/v2\/media?parent=3432"}],"wp:term":[{"taxonomy":"product_cat","embeddable":true,"href":"https:\/\/www.carthagoceramic.com\/fr\/wp-json\/wp\/v2\/product_cat?post=3432"},{"taxonomy":"product_tag","embeddable":true,"href":"https:\/\/www.carthagoceramic.com\/fr\/wp-json\/wp\/v2\/product_tag?post=3432"}],"curies":[{"name":"wp","href":"https:\/\/api.w.org\/{rel}","templated":true}]}}