{"id":3434,"date":"2021-12-09T08:27:49","date_gmt":"2021-12-09T08:27:49","guid":{"rendered":"https:\/\/www.carthagoceramic.com\/product\/damascos-30x60\/"},"modified":"2023-02-17T14:16:17","modified_gmt":"2023-02-17T14:16:17","slug":"damascos-30x60","status":"publish","type":"product","link":"https:\/\/www.carthagoceramic.com\/fr\/produit\/damascos-30x60\/","title":{"rendered":"Damascos 30X60 Mat"},"content":{"rendered":"","protected":false},"excerpt":{"rendered":"<p>Ce rev\u00eatement en gr\u00e8s c\u00e9rame effet ciment, s\u2019invite aussi bien dans votre salle d\u2019eau et votre cuisine, pour leur donner un effet \u00e9pur\u00e9 et peut composer le sol de votre salon et vos chambres pour leur apporter un style sobre et contemporain.<\/p>\n","protected":false},"featured_media":12226,"template":"","meta":{"_et_pb_use_builder":"","_et_pb_old_content":"","_et_gb_content_width":""},"product_cat":[28],"product_tag":[],"_links":{"self":[{"href":"https:\/\/www.carthagoceramic.com\/fr\/wp-json\/wp\/v2\/product\/3434"}],"collection":[{"href":"https:\/\/www.carthagoceramic.com\/fr\/wp-json\/wp\/v2\/product"}],"about":[{"href":"https:\/\/www.carthagoceramic.com\/fr\/wp-json\/wp\/v2\/types\/product"}],"wp:featuredmedia":[{"embeddable":true,"href":"https:\/\/www.carthagoceramic.com\/fr\/wp-json\/wp\/v2\/media\/12226"}],"wp:attachment":[{"href":"https:\/\/www.carthagoceramic.com\/fr\/wp-json\/wp\/v2\/media?parent=3434"}],"wp:term":[{"taxonomy":"product_cat","embeddable":true,"href":"https:\/\/www.carthagoceramic.com\/fr\/wp-json\/wp\/v2\/product_cat?post=3434"},{"taxonomy":"product_tag","embeddable":true,"href":"https:\/\/www.carthagoceramic.com\/fr\/wp-json\/wp\/v2\/product_tag?post=3434"}],"curies":[{"name":"wp","href":"https:\/\/api.w.org\/{rel}","templated":true}]}}