{"id":3452,"date":"2021-12-09T08:28:06","date_gmt":"2021-12-09T08:28:06","guid":{"rendered":"https:\/\/www.carthagoceramic.com\/product\/mira-60x60\/"},"modified":"2023-03-16T14:58:49","modified_gmt":"2023-03-16T14:58:49","slug":"mira-60x60","status":"publish","type":"product","link":"https:\/\/www.carthagoceramic.com\/fr\/produit\/mira-60x60\/","title":{"rendered":"Mira 60X60 Brillant"},"content":{"rendered":"","protected":false},"excerpt":{"rendered":"<p>Ce rev\u00eatement prestigieux se pose sur vos murs comme sur votre sol, et se pr\u00eate au d\u00e9cor de n\u2019importe quel espace, commercial ou \u00e0 usage domestique.<\/p>\n","protected":false},"featured_media":12562,"template":"","meta":{"_acf_changed":false,"_et_pb_use_builder":"","_et_pb_old_content":"","_et_gb_content_width":""},"product_cat":[28],"product_tag":[],"acf":[],"_links":{"self":[{"href":"https:\/\/www.carthagoceramic.com\/fr\/wp-json\/wp\/v2\/product\/3452"}],"collection":[{"href":"https:\/\/www.carthagoceramic.com\/fr\/wp-json\/wp\/v2\/product"}],"about":[{"href":"https:\/\/www.carthagoceramic.com\/fr\/wp-json\/wp\/v2\/types\/product"}],"wp:featuredmedia":[{"embeddable":true,"href":"https:\/\/www.carthagoceramic.com\/fr\/wp-json\/wp\/v2\/media\/12562"}],"wp:attachment":[{"href":"https:\/\/www.carthagoceramic.com\/fr\/wp-json\/wp\/v2\/media?parent=3452"}],"wp:term":[{"taxonomy":"product_cat","embeddable":true,"href":"https:\/\/www.carthagoceramic.com\/fr\/wp-json\/wp\/v2\/product_cat?post=3452"},{"taxonomy":"product_tag","embeddable":true,"href":"https:\/\/www.carthagoceramic.com\/fr\/wp-json\/wp\/v2\/product_tag?post=3452"}],"curies":[{"name":"wp","href":"https:\/\/api.w.org\/{rel}","templated":true}]}}