{"id":3455,"date":"2021-12-09T08:28:08","date_gmt":"2021-12-09T08:28:08","guid":{"rendered":"https:\/\/www.carthagoceramic.com\/product\/orlando-33x33\/"},"modified":"2023-06-27T15:52:25","modified_gmt":"2023-06-27T15:52:25","slug":"orlando-33x33","status":"publish","type":"product","link":"https:\/\/www.carthagoceramic.com\/fr\/produit\/orlando-33x33\/","title":{"rendered":"Orlando 33&#215;33 Mat"},"content":{"rendered":"","protected":false},"excerpt":{"rendered":"<p>Si vous \u00eates tent\u00e9 par l&rsquo;id\u00e9e d&rsquo;habiller votre int\u00e9rieur ou votre ext\u00e9rieur avec de la pierre naturelle, mais d\u00e9courag\u00e9 par son entretien intensif, ne cherchez plus. Carthago Ceramic a la solution id\u00e9ale pour vous. Notre carrelage de sol et de mur offre l&rsquo;aspect authentique de la pierre, mais avec les performances du gr\u00e8s c\u00e9rame. Il se substitue avec succ\u00e8s \u00e0 la pierre v\u00e9ritable. Profitez d&rsquo;un rev\u00eatement effet pierre qui ajoute du charme et de la beaut\u00e9 \u00e0 votre espace, sans les inconv\u00e9nients de l&rsquo;entretien. Vous pouvez ainsi r\u00e9aliser votre vision de d\u00e9coration sans compromis.<\/p>\n","protected":false},"featured_media":2218,"template":"","meta":{"_acf_changed":false,"_et_pb_use_builder":"","_et_pb_old_content":"","_et_gb_content_width":""},"product_cat":[28],"product_tag":[],"acf":[],"_links":{"self":[{"href":"https:\/\/www.carthagoceramic.com\/fr\/wp-json\/wp\/v2\/product\/3455"}],"collection":[{"href":"https:\/\/www.carthagoceramic.com\/fr\/wp-json\/wp\/v2\/product"}],"about":[{"href":"https:\/\/www.carthagoceramic.com\/fr\/wp-json\/wp\/v2\/types\/product"}],"wp:featuredmedia":[{"embeddable":true,"href":"https:\/\/www.carthagoceramic.com\/fr\/wp-json\/wp\/v2\/media\/2218"}],"wp:attachment":[{"href":"https:\/\/www.carthagoceramic.com\/fr\/wp-json\/wp\/v2\/media?parent=3455"}],"wp:term":[{"taxonomy":"product_cat","embeddable":true,"href":"https:\/\/www.carthagoceramic.com\/fr\/wp-json\/wp\/v2\/product_cat?post=3455"},{"taxonomy":"product_tag","embeddable":true,"href":"https:\/\/www.carthagoceramic.com\/fr\/wp-json\/wp\/v2\/product_tag?post=3455"}],"curies":[{"name":"wp","href":"https:\/\/api.w.org\/{rel}","templated":true}]}}