{"id":3618,"date":"2021-12-09T09:08:40","date_gmt":"2021-12-09T09:08:40","guid":{"rendered":"https:\/\/www.carthagoceramic.com\/product\/nubira-30x60\/"},"modified":"2023-06-27T15:07:15","modified_gmt":"2023-06-27T15:07:15","slug":"nubira-30x60","status":"publish","type":"product","link":"https:\/\/www.carthagoceramic.com\/fr\/produit\/nubira-30x60\/","title":{"rendered":"Nubira 30X60 Mat"},"content":{"rendered":"","protected":false},"excerpt":{"rendered":"<p>Avec les carreaux c\u00e9ramiques effet ciment de Carthago Ceramic, vous pouvez apporter l&rsquo;ambiance d\u00e9sir\u00e9e \u00e0 chaque espace de vos pi\u00e8ces. Ce rev\u00eatement en gr\u00e8s c\u00e9rame effet ciment s&rsquo;invite aussi bien dans votre salle d&rsquo;eau et votre cuisine, pour leur donner un effet \u00e9pur\u00e9, que dans votre salon et vos chambres, pour leur apporter un style sobre et contemporain. Ornez vos sols de chambre \u00e0 coucher avec nos plus beaux rev\u00eatements en gr\u00e8s c\u00e9rame.<\/p>\n","protected":false},"featured_media":12279,"template":"","meta":{"_acf_changed":false,"_et_pb_use_builder":"","_et_pb_old_content":"","_et_gb_content_width":""},"product_cat":[28],"product_tag":[],"acf":[],"_links":{"self":[{"href":"https:\/\/www.carthagoceramic.com\/fr\/wp-json\/wp\/v2\/product\/3618"}],"collection":[{"href":"https:\/\/www.carthagoceramic.com\/fr\/wp-json\/wp\/v2\/product"}],"about":[{"href":"https:\/\/www.carthagoceramic.com\/fr\/wp-json\/wp\/v2\/types\/product"}],"wp:featuredmedia":[{"embeddable":true,"href":"https:\/\/www.carthagoceramic.com\/fr\/wp-json\/wp\/v2\/media\/12279"}],"wp:attachment":[{"href":"https:\/\/www.carthagoceramic.com\/fr\/wp-json\/wp\/v2\/media?parent=3618"}],"wp:term":[{"taxonomy":"product_cat","embeddable":true,"href":"https:\/\/www.carthagoceramic.com\/fr\/wp-json\/wp\/v2\/product_cat?post=3618"},{"taxonomy":"product_tag","embeddable":true,"href":"https:\/\/www.carthagoceramic.com\/fr\/wp-json\/wp\/v2\/product_tag?post=3618"}],"curies":[{"name":"wp","href":"https:\/\/api.w.org\/{rel}","templated":true}]}}