{"id":3788,"date":"2021-12-09T12:01:26","date_gmt":"2021-12-09T12:01:26","guid":{"rendered":"https:\/\/www.carthagoceramic.com\/product\/cigal-60x120-gris\/"},"modified":"2023-02-17T10:11:54","modified_gmt":"2023-02-17T10:11:54","slug":"cigal-60x120-gris","status":"publish","type":"product","link":"https:\/\/www.carthagoceramic.com\/fr\/produit\/cigal-60x120-gris\/","title":{"rendered":"Cigal 60X120 Mat"},"content":{"rendered":"","protected":false},"excerpt":{"rendered":"<p>Tent\u00e9 par l\u2019envie d\u2019habiller votre int\u00e9rieur ou votre ext\u00e9rieur avec une finition m\u00e9tallique, mais d\u00e9courag\u00e9 par son lourd entretien ? Carthago Ceramic vous apporte la solution r\u00eav\u00e9e, gr\u00e2ce \u00e0 son carrelage de sol et de mur \u00e0 l\u2019aspect de m\u00e9tal et aux performances du Gr\u00e8s C\u00e9rame.<\/p>\n","protected":false},"featured_media":12174,"template":"","meta":{"_acf_changed":false,"_et_pb_use_builder":"","_et_pb_old_content":"","_et_gb_content_width":""},"product_cat":[28],"product_tag":[],"acf":[],"_links":{"self":[{"href":"https:\/\/www.carthagoceramic.com\/fr\/wp-json\/wp\/v2\/product\/3788"}],"collection":[{"href":"https:\/\/www.carthagoceramic.com\/fr\/wp-json\/wp\/v2\/product"}],"about":[{"href":"https:\/\/www.carthagoceramic.com\/fr\/wp-json\/wp\/v2\/types\/product"}],"wp:featuredmedia":[{"embeddable":true,"href":"https:\/\/www.carthagoceramic.com\/fr\/wp-json\/wp\/v2\/media\/12174"}],"wp:attachment":[{"href":"https:\/\/www.carthagoceramic.com\/fr\/wp-json\/wp\/v2\/media?parent=3788"}],"wp:term":[{"taxonomy":"product_cat","embeddable":true,"href":"https:\/\/www.carthagoceramic.com\/fr\/wp-json\/wp\/v2\/product_cat?post=3788"},{"taxonomy":"product_tag","embeddable":true,"href":"https:\/\/www.carthagoceramic.com\/fr\/wp-json\/wp\/v2\/product_tag?post=3788"}],"curies":[{"name":"wp","href":"https:\/\/api.w.org\/{rel}","templated":true}]}}