{"id":3793,"date":"2021-12-09T12:01:33","date_gmt":"2021-12-09T12:01:33","guid":{"rendered":"https:\/\/www.carthagoceramic.com\/product\/festina-60x60-gris\/"},"modified":"2023-06-12T15:25:06","modified_gmt":"2023-06-12T15:25:06","slug":"festina-60x60-gris","status":"publish","type":"product","link":"https:\/\/www.carthagoceramic.com\/fr\/produit\/festina-60x60-gris\/","title":{"rendered":"Festina 60&#215;60 Brillant"},"content":{"rendered":"","protected":false},"excerpt":{"rendered":"<p>Ce rev\u00eatement prestigieux en gr\u00e8s c\u00e9rame se pose sur vos murs comme sur votre sol, et se pr\u00eate au d\u00e9cor de n\u2019importe quel espace, commercial ou \u00e0 usage domestique.<\/p>\n","protected":false},"featured_media":2149,"template":"","meta":{"_et_pb_use_builder":"","_et_pb_old_content":"","_et_gb_content_width":""},"product_cat":[28],"product_tag":[],"_links":{"self":[{"href":"https:\/\/www.carthagoceramic.com\/fr\/wp-json\/wp\/v2\/product\/3793"}],"collection":[{"href":"https:\/\/www.carthagoceramic.com\/fr\/wp-json\/wp\/v2\/product"}],"about":[{"href":"https:\/\/www.carthagoceramic.com\/fr\/wp-json\/wp\/v2\/types\/product"}],"wp:featuredmedia":[{"embeddable":true,"href":"https:\/\/www.carthagoceramic.com\/fr\/wp-json\/wp\/v2\/media\/2149"}],"wp:attachment":[{"href":"https:\/\/www.carthagoceramic.com\/fr\/wp-json\/wp\/v2\/media?parent=3793"}],"wp:term":[{"taxonomy":"product_cat","embeddable":true,"href":"https:\/\/www.carthagoceramic.com\/fr\/wp-json\/wp\/v2\/product_cat?post=3793"},{"taxonomy":"product_tag","embeddable":true,"href":"https:\/\/www.carthagoceramic.com\/fr\/wp-json\/wp\/v2\/product_tag?post=3793"}],"curies":[{"name":"wp","href":"https:\/\/api.w.org\/{rel}","templated":true}]}}