{"id":4048,"date":"2021-12-11T16:22:07","date_gmt":"2021-12-11T16:22:07","guid":{"rendered":"https:\/\/www.carthagoceramic.com\/?post_type=product&#038;p=4048"},"modified":"2023-03-16T16:52:51","modified_gmt":"2023-03-16T16:52:51","slug":"ankara-15x60-beige","status":"publish","type":"product","link":"https:\/\/www.carthagoceramic.com\/fr\/produit\/ankara-15x60-beige\/","title":{"rendered":"Ankara 15X60 Mat"},"content":{"rendered":"","protected":false},"excerpt":{"rendered":"<p>Le carrelage  \u00e0 effet bois au format 15 x 60 cm, se fond dans tous vos espaces \u00e0 l\u2019int\u00e9rieur comme \u00e0 l\u2019ext\u00e9rieur et sur toutes vos surfaces de murs et de sols, offrant une reproduction fid\u00e8le au bois. Trait\u00e9 techniquement, le Gr\u00e8s c\u00e9rame de Carthago ceramic assure une r\u00e9sistance aux effets externes et aux agressions chimiques.<\/p>\n","protected":false},"featured_media":12613,"template":"","meta":{"_acf_changed":false,"_et_pb_use_builder":"","_et_pb_old_content":"","_et_gb_content_width":""},"product_cat":[28],"product_tag":[],"acf":[],"_links":{"self":[{"href":"https:\/\/www.carthagoceramic.com\/fr\/wp-json\/wp\/v2\/product\/4048"}],"collection":[{"href":"https:\/\/www.carthagoceramic.com\/fr\/wp-json\/wp\/v2\/product"}],"about":[{"href":"https:\/\/www.carthagoceramic.com\/fr\/wp-json\/wp\/v2\/types\/product"}],"wp:featuredmedia":[{"embeddable":true,"href":"https:\/\/www.carthagoceramic.com\/fr\/wp-json\/wp\/v2\/media\/12613"}],"wp:attachment":[{"href":"https:\/\/www.carthagoceramic.com\/fr\/wp-json\/wp\/v2\/media?parent=4048"}],"wp:term":[{"taxonomy":"product_cat","embeddable":true,"href":"https:\/\/www.carthagoceramic.com\/fr\/wp-json\/wp\/v2\/product_cat?post=4048"},{"taxonomy":"product_tag","embeddable":true,"href":"https:\/\/www.carthagoceramic.com\/fr\/wp-json\/wp\/v2\/product_tag?post=4048"}],"curies":[{"name":"wp","href":"https:\/\/api.w.org\/{rel}","templated":true}]}}