{"id":5361,"date":"2022-01-06T09:55:03","date_gmt":"2022-01-06T09:55:03","guid":{"rendered":"https:\/\/www.carthagoceramic.com\/produits\/ogan-25x60\/"},"modified":"2023-10-04T08:43:46","modified_gmt":"2023-10-04T08:43:46","slug":"ogan-25x60","status":"publish","type":"product","link":"https:\/\/www.carthagoceramic.com\/fr\/produit\/ogan-25x60\/","title":{"rendered":"Ogan 25X60 Mat"},"content":{"rendered":"","protected":false},"excerpt":{"rendered":"<p>Pour r\u00e9pondre \u00e0 des besoins toujours aussi exigeants et pointilleux,\u00a0Carthago C\u00e9ramic, vous offre qualit\u00e9, quantit\u00e9 et vari\u00e9t\u00e9, gr\u00e2ce \u00e0 notre large gamme de\u00a0fa\u00efence\u00a0pour chaque type d\u2019ambiance\u00a0souhait\u00e9e et chaque mur \u00e0 rev\u00eatir dans votre\u00a0cuisine,\u00a0salle de bain,\u00a0salon,\u00a0chambre,\u00a0terrasse,\u00a0v\u00e9randa\u2026<\/p>\n","protected":false},"featured_media":5325,"template":"","meta":{"_acf_changed":false,"_et_pb_use_builder":"","_et_pb_old_content":"","_et_gb_content_width":""},"product_cat":[79],"product_tag":[],"acf":[],"_links":{"self":[{"href":"https:\/\/www.carthagoceramic.com\/fr\/wp-json\/wp\/v2\/product\/5361"}],"collection":[{"href":"https:\/\/www.carthagoceramic.com\/fr\/wp-json\/wp\/v2\/product"}],"about":[{"href":"https:\/\/www.carthagoceramic.com\/fr\/wp-json\/wp\/v2\/types\/product"}],"wp:featuredmedia":[{"embeddable":true,"href":"https:\/\/www.carthagoceramic.com\/fr\/wp-json\/wp\/v2\/media\/5325"}],"wp:attachment":[{"href":"https:\/\/www.carthagoceramic.com\/fr\/wp-json\/wp\/v2\/media?parent=5361"}],"wp:term":[{"taxonomy":"product_cat","embeddable":true,"href":"https:\/\/www.carthagoceramic.com\/fr\/wp-json\/wp\/v2\/product_cat?post=5361"},{"taxonomy":"product_tag","embeddable":true,"href":"https:\/\/www.carthagoceramic.com\/fr\/wp-json\/wp\/v2\/product_tag?post=5361"}],"curies":[{"name":"wp","href":"https:\/\/api.w.org\/{rel}","templated":true}]}}