{"id":5380,"date":"2022-01-06T11:03:41","date_gmt":"2022-01-06T11:03:41","guid":{"rendered":"https:\/\/www.carthagoceramic.com\/produits\/malta-40x40\/"},"modified":"2023-06-12T15:11:52","modified_gmt":"2023-06-12T15:11:52","slug":"malta-40x40","status":"publish","type":"product","link":"https:\/\/www.carthagoceramic.com\/fr\/produit\/malta-40x40\/","title":{"rendered":"Malta 40X40 Mat"},"content":{"rendered":"","protected":false},"excerpt":{"rendered":"<p>Sans traces, sans taches, nous vous facilitons votre quotidien, avec notre large s\u00e9lection de carreau c\u00e9ramique aux finitions irr\u00e9prochables, et dont les couleurs, les formes et les dimensions sont innombrables, pour s\u2019adapter \u00e0 tous vos espaces et vos superficies de salle de bain, de cuisine, de salon et s\u00e9jour, et m\u00eame de vos sols ext\u00e9rieurs, avec des effets de mati\u00e8res naturelles qui s\u2019alignent \u00e0 la hauteur du r\u00e9alisme, telles que le b\u00e9ton, la pierre, et le marbre .<\/p>\n","protected":false},"featured_media":5348,"template":"","meta":{"_et_pb_use_builder":"","_et_pb_old_content":"","_et_gb_content_width":""},"product_cat":[81],"product_tag":[],"_links":{"self":[{"href":"https:\/\/www.carthagoceramic.com\/fr\/wp-json\/wp\/v2\/product\/5380"}],"collection":[{"href":"https:\/\/www.carthagoceramic.com\/fr\/wp-json\/wp\/v2\/product"}],"about":[{"href":"https:\/\/www.carthagoceramic.com\/fr\/wp-json\/wp\/v2\/types\/product"}],"wp:featuredmedia":[{"embeddable":true,"href":"https:\/\/www.carthagoceramic.com\/fr\/wp-json\/wp\/v2\/media\/5348"}],"wp:attachment":[{"href":"https:\/\/www.carthagoceramic.com\/fr\/wp-json\/wp\/v2\/media?parent=5380"}],"wp:term":[{"taxonomy":"product_cat","embeddable":true,"href":"https:\/\/www.carthagoceramic.com\/fr\/wp-json\/wp\/v2\/product_cat?post=5380"},{"taxonomy":"product_tag","embeddable":true,"href":"https:\/\/www.carthagoceramic.com\/fr\/wp-json\/wp\/v2\/product_tag?post=5380"}],"curies":[{"name":"wp","href":"https:\/\/api.w.org\/{rel}","templated":true}]}}