{"id":7230,"date":"2022-01-25T14:33:46","date_gmt":"2022-01-25T14:33:46","guid":{"rendered":"https:\/\/www.carthagoceramic.com\/?post_type=product&#038;p=7230"},"modified":"2024-04-25T00:39:00","modified_gmt":"2024-04-25T00:39:00","slug":"forest-25x60","status":"publish","type":"product","link":"https:\/\/www.carthagoceramic.com\/fr\/produit\/forest-25x60\/","title":{"rendered":"Forest 25X60 Mat"},"content":{"rendered":"","protected":false},"excerpt":{"rendered":"<p>Sans traces, sans taches, nous vous facilitons votre quotidien, avec notre large s\u00e9lection de\u00a0pavement\u00a0aux finitions irr\u00e9prochables, et dont les couleurs, les formes et les dimensions sont innombrables, pour s\u2019adapter \u00e0 tous vos espaces et vos superficies de salle de bain, de cuisine, de\u00a0salon et s\u00e9jour, et m\u00eame de vos sols ext\u00e9rieurs, avec des\u00a0effets de mati\u00e8res naturelles\u00a0qui s\u2019alignent \u00e0 la hauteur du r\u00e9alisme, telles que le b\u00e9ton, la pierre, et le marbre .<\/p>\n","protected":false},"featured_media":5318,"template":"","meta":{"_acf_changed":false,"_et_pb_use_builder":"","_et_pb_old_content":"","_et_gb_content_width":""},"product_cat":[79],"product_tag":[],"acf":[],"_links":{"self":[{"href":"https:\/\/www.carthagoceramic.com\/fr\/wp-json\/wp\/v2\/product\/7230"}],"collection":[{"href":"https:\/\/www.carthagoceramic.com\/fr\/wp-json\/wp\/v2\/product"}],"about":[{"href":"https:\/\/www.carthagoceramic.com\/fr\/wp-json\/wp\/v2\/types\/product"}],"wp:featuredmedia":[{"embeddable":true,"href":"https:\/\/www.carthagoceramic.com\/fr\/wp-json\/wp\/v2\/media\/5318"}],"wp:attachment":[{"href":"https:\/\/www.carthagoceramic.com\/fr\/wp-json\/wp\/v2\/media?parent=7230"}],"wp:term":[{"taxonomy":"product_cat","embeddable":true,"href":"https:\/\/www.carthagoceramic.com\/fr\/wp-json\/wp\/v2\/product_cat?post=7230"},{"taxonomy":"product_tag","embeddable":true,"href":"https:\/\/www.carthagoceramic.com\/fr\/wp-json\/wp\/v2\/product_tag?post=7230"}],"curies":[{"name":"wp","href":"https:\/\/api.w.org\/{rel}","templated":true}]}}