{"id":9269,"date":"2022-05-11T13:45:48","date_gmt":"2022-05-11T13:45:48","guid":{"rendered":"https:\/\/www.carthagoceramic.com\/produit\/revetement-mimosa-60-x-120-brillant\/"},"modified":"2023-07-24T13:13:06","modified_gmt":"2023-07-24T13:13:06","slug":"revetement-mimosa-60-x-120-brillant","status":"publish","type":"product","link":"https:\/\/www.carthagoceramic.com\/fr\/produit\/revetement-mimosa-60-x-120-brillant\/","title":{"rendered":"Mimosa 60 X 120 Brillant"},"content":{"rendered":"","protected":false},"excerpt":{"rendered":"<p>Tent\u00e9 par l\u2019envie d&rsquo;un rev\u00eatement int\u00e9rieur ou ext\u00e9rieur par des carreaux en marbre, mais d\u00e9courag\u00e9 par son lourd entretien ? Carthago Ceramic vous apporte la solution r\u00eav\u00e9e, gr\u00e2ce \u00e0 son carrelage de sol et de mur \u00e0 l\u2019aspect du marbre et aux caract\u00e9ristiques performantes de gr\u00e8s c\u00e9rame.<\/p>\n","protected":false},"featured_media":9231,"template":"","meta":{"_acf_changed":false,"_et_pb_use_builder":"","_et_pb_old_content":"","_et_gb_content_width":""},"product_cat":[28],"product_tag":[],"acf":[],"_links":{"self":[{"href":"https:\/\/www.carthagoceramic.com\/fr\/wp-json\/wp\/v2\/product\/9269"}],"collection":[{"href":"https:\/\/www.carthagoceramic.com\/fr\/wp-json\/wp\/v2\/product"}],"about":[{"href":"https:\/\/www.carthagoceramic.com\/fr\/wp-json\/wp\/v2\/types\/product"}],"wp:featuredmedia":[{"embeddable":true,"href":"https:\/\/www.carthagoceramic.com\/fr\/wp-json\/wp\/v2\/media\/9231"}],"wp:attachment":[{"href":"https:\/\/www.carthagoceramic.com\/fr\/wp-json\/wp\/v2\/media?parent=9269"}],"wp:term":[{"taxonomy":"product_cat","embeddable":true,"href":"https:\/\/www.carthagoceramic.com\/fr\/wp-json\/wp\/v2\/product_cat?post=9269"},{"taxonomy":"product_tag","embeddable":true,"href":"https:\/\/www.carthagoceramic.com\/fr\/wp-json\/wp\/v2\/product_tag?post=9269"}],"curies":[{"name":"wp","href":"https:\/\/api.w.org\/{rel}","templated":true}]}}