{"id":9276,"date":"2022-05-11T13:45:49","date_gmt":"2022-05-11T13:45:49","guid":{"rendered":"https:\/\/www.carthagoceramic.com\/produit\/ceramique-privilege-60-x-120-brillant\/"},"modified":"2023-02-17T11:40:12","modified_gmt":"2023-02-17T11:40:12","slug":"carrelage-privilege-60x120","status":"publish","type":"product","link":"https:\/\/www.carthagoceramic.com\/fr\/produit\/carrelage-privilege-60x120\/","title":{"rendered":"Privil\u00e9ge 60 X 120 Brillant"},"content":{"rendered":"","protected":false},"excerpt":{"rendered":"<p>Notre prestigieux carrelage au format 60&#215;120 cm \u00e0 effet marbre  se pr\u00eate \u00e0 l\u2019ornement de n\u2019importe quel espace, commercial ou \u00e0 usage domestique.<br \/>\nCe rev\u00eatement prestigieux se pose sur vos murs comme sur votre sol, et se pr\u00eate \u00e0 l\u2019ornement de n\u2019importe quel espace, commercial ou \u00e0 usage domestique (cuisine, salle, de bain, salon, v\u00e9randa, terrasse, all\u00e9e, piscine).<br \/>\nCarthago Ceramic, vous assure une garantie tr\u00e8s longue dur\u00e9e de ses produits exclusifs, gr\u00e2ce \u00e0 une technique de fabrication du gr\u00e8s c\u00e9rame des plus performantes \u00e0 l&rsquo;\u00e9chelle internationale.<\/p>\n","protected":false},"featured_media":9775,"template":"","meta":{"_acf_changed":false,"_et_pb_use_builder":"","_et_pb_old_content":"","_et_gb_content_width":""},"product_cat":[28],"product_tag":[],"acf":[],"_links":{"self":[{"href":"https:\/\/www.carthagoceramic.com\/fr\/wp-json\/wp\/v2\/product\/9276"}],"collection":[{"href":"https:\/\/www.carthagoceramic.com\/fr\/wp-json\/wp\/v2\/product"}],"about":[{"href":"https:\/\/www.carthagoceramic.com\/fr\/wp-json\/wp\/v2\/types\/product"}],"wp:featuredmedia":[{"embeddable":true,"href":"https:\/\/www.carthagoceramic.com\/fr\/wp-json\/wp\/v2\/media\/9775"}],"wp:attachment":[{"href":"https:\/\/www.carthagoceramic.com\/fr\/wp-json\/wp\/v2\/media?parent=9276"}],"wp:term":[{"taxonomy":"product_cat","embeddable":true,"href":"https:\/\/www.carthagoceramic.com\/fr\/wp-json\/wp\/v2\/product_cat?post=9276"},{"taxonomy":"product_tag","embeddable":true,"href":"https:\/\/www.carthagoceramic.com\/fr\/wp-json\/wp\/v2\/product_tag?post=9276"}],"curies":[{"name":"wp","href":"https:\/\/api.w.org\/{rel}","templated":true}]}}