{"id":9279,"date":"2022-05-11T13:45:50","date_gmt":"2022-05-11T13:45:50","guid":{"rendered":"https:\/\/www.carthagoceramic.com\/produit\/revetement-verati-60-x-120-brillant\/"},"modified":"2022-12-24T00:20:44","modified_gmt":"2022-12-24T00:20:44","slug":"revetement-verati-60-x-120-brillant","status":"publish","type":"product","link":"https:\/\/www.carthagoceramic.com\/fr\/produit\/revetement-verati-60-x-120-brillant\/","title":{"rendered":"Verati 60 X 120 Brillant"},"content":{"rendered":"","protected":false},"excerpt":{"rendered":"<p>Ce rev\u00eatement prestigieux \u00e0 effet marbre se pose sur vos murs comme sur votre sol, et se pr\u00eate au d\u00e9cor de n\u2019importe quel espace, commercial ou \u00e0 usage domestique.<\/p>\n","protected":false},"featured_media":9209,"template":"","meta":{"_acf_changed":false,"_et_pb_use_builder":"","_et_pb_old_content":"","_et_gb_content_width":""},"product_cat":[28],"product_tag":[],"acf":[],"_links":{"self":[{"href":"https:\/\/www.carthagoceramic.com\/fr\/wp-json\/wp\/v2\/product\/9279"}],"collection":[{"href":"https:\/\/www.carthagoceramic.com\/fr\/wp-json\/wp\/v2\/product"}],"about":[{"href":"https:\/\/www.carthagoceramic.com\/fr\/wp-json\/wp\/v2\/types\/product"}],"wp:featuredmedia":[{"embeddable":true,"href":"https:\/\/www.carthagoceramic.com\/fr\/wp-json\/wp\/v2\/media\/9209"}],"wp:attachment":[{"href":"https:\/\/www.carthagoceramic.com\/fr\/wp-json\/wp\/v2\/media?parent=9279"}],"wp:term":[{"taxonomy":"product_cat","embeddable":true,"href":"https:\/\/www.carthagoceramic.com\/fr\/wp-json\/wp\/v2\/product_cat?post=9279"},{"taxonomy":"product_tag","embeddable":true,"href":"https:\/\/www.carthagoceramic.com\/fr\/wp-json\/wp\/v2\/product_tag?post=9279"}],"curies":[{"name":"wp","href":"https:\/\/api.w.org\/{rel}","templated":true}]}}