{"id":9284,"date":"2022-05-11T14:05:00","date_gmt":"2022-05-11T14:05:00","guid":{"rendered":"https:\/\/www.carthagoceramic.com\/produit\/ceramique-tanit-60-x-120-brillant\/"},"modified":"2022-12-24T00:20:44","modified_gmt":"2022-12-24T00:20:44","slug":"ceramique-tanit-60-x-120-brillant","status":"publish","type":"product","link":"https:\/\/www.carthagoceramic.com\/fr\/produit\/ceramique-tanit-60-x-120-brillant\/","title":{"rendered":"Tanit 60 X 120 Brillant"},"content":{"rendered":"","protected":false},"excerpt":{"rendered":"<p>Notre carrelage en gr\u00e8s c\u00e9rame \u00e0 effet marbre  se pr\u00eate \u00e0 l\u2019ornement de n\u2019importe quel espace, commercial ou \u00e0 usage domestique.<\/p>\n","protected":false},"featured_media":9251,"template":"","meta":{"_acf_changed":false,"_et_pb_use_builder":"","_et_pb_old_content":"","_et_gb_content_width":""},"product_cat":[28],"product_tag":[],"acf":[],"_links":{"self":[{"href":"https:\/\/www.carthagoceramic.com\/fr\/wp-json\/wp\/v2\/product\/9284"}],"collection":[{"href":"https:\/\/www.carthagoceramic.com\/fr\/wp-json\/wp\/v2\/product"}],"about":[{"href":"https:\/\/www.carthagoceramic.com\/fr\/wp-json\/wp\/v2\/types\/product"}],"wp:featuredmedia":[{"embeddable":true,"href":"https:\/\/www.carthagoceramic.com\/fr\/wp-json\/wp\/v2\/media\/9251"}],"wp:attachment":[{"href":"https:\/\/www.carthagoceramic.com\/fr\/wp-json\/wp\/v2\/media?parent=9284"}],"wp:term":[{"taxonomy":"product_cat","embeddable":true,"href":"https:\/\/www.carthagoceramic.com\/fr\/wp-json\/wp\/v2\/product_cat?post=9284"},{"taxonomy":"product_tag","embeddable":true,"href":"https:\/\/www.carthagoceramic.com\/fr\/wp-json\/wp\/v2\/product_tag?post=9284"}],"curies":[{"name":"wp","href":"https:\/\/api.w.org\/{rel}","templated":true}]}}