{"id":9734,"date":"2022-07-20T13:23:45","date_gmt":"2022-07-20T13:23:45","guid":{"rendered":"https:\/\/www.carthagoceramic.com\/?post_type=product&#038;p=9734"},"modified":"2022-12-24T00:20:35","modified_gmt":"2022-12-24T00:20:35","slug":"carreaux-ceramique-torro-30x60-mat","status":"publish","type":"product","link":"https:\/\/www.carthagoceramic.com\/fr\/produit\/carreaux-ceramique-torro-30x60-mat\/","title":{"rendered":"Toro 30X60 Mat"},"content":{"rendered":"","protected":false},"excerpt":{"rendered":"<p>Notre gamme de carreaux c\u00e9ramique se substitue avec succ\u00e8s \u00e0 la pierre authentique pour habiller votre int\u00e9rieur ou votre ext\u00e9rieur, sol ou mur.<br \/>\nTrait\u00e9 techniquement, le Gr\u00e8s c\u00e9rame de Carthago ceramic assure une r\u00e9sistance aux effets externes et aux agressions chimiques.<\/p>\n","protected":false},"featured_media":9736,"template":"","meta":{"_acf_changed":false,"_et_pb_use_builder":"","_et_pb_old_content":"","_et_gb_content_width":""},"product_cat":[28],"product_tag":[],"acf":[],"_links":{"self":[{"href":"https:\/\/www.carthagoceramic.com\/fr\/wp-json\/wp\/v2\/product\/9734"}],"collection":[{"href":"https:\/\/www.carthagoceramic.com\/fr\/wp-json\/wp\/v2\/product"}],"about":[{"href":"https:\/\/www.carthagoceramic.com\/fr\/wp-json\/wp\/v2\/types\/product"}],"wp:featuredmedia":[{"embeddable":true,"href":"https:\/\/www.carthagoceramic.com\/fr\/wp-json\/wp\/v2\/media\/9736"}],"wp:attachment":[{"href":"https:\/\/www.carthagoceramic.com\/fr\/wp-json\/wp\/v2\/media?parent=9734"}],"wp:term":[{"taxonomy":"product_cat","embeddable":true,"href":"https:\/\/www.carthagoceramic.com\/fr\/wp-json\/wp\/v2\/product_cat?post=9734"},{"taxonomy":"product_tag","embeddable":true,"href":"https:\/\/www.carthagoceramic.com\/fr\/wp-json\/wp\/v2\/product_tag?post=9734"}],"curies":[{"name":"wp","href":"https:\/\/api.w.org\/{rel}","templated":true}]}}