{"id":9819,"date":"2022-07-21T11:32:16","date_gmt":"2022-07-21T11:32:16","guid":{"rendered":"https:\/\/www.carthagoceramic.com\/?post_type=product&#038;p=9819"},"modified":"2022-12-24T00:20:48","modified_gmt":"2022-12-24T00:20:48","slug":"carreaux-ceramique-ceppo-60-x-60","status":"publish","type":"product","link":"https:\/\/www.carthagoceramic.com\/fr\/produit\/carreaux-ceramique-ceppo-60-x-60\/","title":{"rendered":"Ceppo 60 X 60 Brillant"},"content":{"rendered":"","protected":false},"excerpt":{"rendered":"<p>La sobri\u00e9t\u00e9 et l\u2019authenticit\u00e9 du marbre vous interpellent. Cette \u00e9tendue de subtilit\u00e9 associ\u00e9e au luxe qu&rsquo;apporte ce mat\u00e9riau noble, est pr\u00e9sente dans notre gamme exceptionnelle et de qualit\u00e9 sup\u00e9rieure de carreaux c\u00e9ramiques, aux finitions soign\u00e9es dans les moindres d\u00e9tails, pour une interpr\u00e9tation parfaite de carreaux de marbre.<br \/>\nCe rev\u00eatement prestigieux se pose sur vos murs comme sur votre sol, et se pr\u00eate \u00e0 l\u2019ornement de n\u2019importe quel espace, commercial ou \u00e0 usage domestique (cuisine, salle, de bain, salon, v\u00e9randa, terrasse, all\u00e9e, piscine).<\/p>\n","protected":false},"featured_media":9821,"template":"","meta":{"_acf_changed":false,"_et_pb_use_builder":"","_et_pb_old_content":"","_et_gb_content_width":""},"product_cat":[28],"product_tag":[],"acf":[],"_links":{"self":[{"href":"https:\/\/www.carthagoceramic.com\/fr\/wp-json\/wp\/v2\/product\/9819"}],"collection":[{"href":"https:\/\/www.carthagoceramic.com\/fr\/wp-json\/wp\/v2\/product"}],"about":[{"href":"https:\/\/www.carthagoceramic.com\/fr\/wp-json\/wp\/v2\/types\/product"}],"wp:featuredmedia":[{"embeddable":true,"href":"https:\/\/www.carthagoceramic.com\/fr\/wp-json\/wp\/v2\/media\/9821"}],"wp:attachment":[{"href":"https:\/\/www.carthagoceramic.com\/fr\/wp-json\/wp\/v2\/media?parent=9819"}],"wp:term":[{"taxonomy":"product_cat","embeddable":true,"href":"https:\/\/www.carthagoceramic.com\/fr\/wp-json\/wp\/v2\/product_cat?post=9819"},{"taxonomy":"product_tag","embeddable":true,"href":"https:\/\/www.carthagoceramic.com\/fr\/wp-json\/wp\/v2\/product_tag?post=9819"}],"curies":[{"name":"wp","href":"https:\/\/api.w.org\/{rel}","templated":true}]}}